{"id":732,"date":"2022-11-09T22:37:28","date_gmt":"2022-11-10T02:37:28","guid":{"rendered":"https:\/\/econoquanty.com\/?page_id=732"},"modified":"2025-10-22T18:51:06","modified_gmt":"2025-10-22T22:51:06","slug":"clases-y-capacitacion-ejecutiva","status":"publish","type":"page","link":"https:\/\/econoquanty.com\/en\/clases-y-capacitacion-ejecutiva\/","title":{"rendered":"Classes and executive training"},"content":{"rendered":"<style>.elementor-732 .elementor-element.elementor-element-fa59735 > .elementor-container{min-height:350px;}.elementor-732 .elementor-element.elementor-element-fa59735:not(.elementor-motion-effects-element-type-background), .elementor-732 .elementor-element.elementor-element-fa59735 > .elementor-motion-effects-container > .elementor-motion-effects-layer{background-image:url(\"https:\/\/econoquanty.com\/wp-content\/uploads\/2022\/11\/modern-tower-buildings-or-skyscrapers-in-financial-district-with-cloud-on-sunny-day-in-chicago-usa.jpg\");background-position:center center;background-repeat:no-repeat;background-size:cover;}.elementor-732 .elementor-element.elementor-element-fa59735 > .elementor-background-overlay{background-color:#000000;opacity:0.75;transition:background 0.3s, border-radius 0.3s, opacity 0.3s;}.elementor-732 .elementor-element.elementor-element-fa59735{transition:background 0.3s, border 0.3s, border-radius 0.3s, box-shadow 0.3s;}.elementor-732 .elementor-element.elementor-element-a0c52de{text-align:center;}.elementor-732 .elementor-element.elementor-element-a0c52de .elementor-heading-title{font-family:\"Montserrat\", Sans-serif;font-size:18px;font-weight:700;text-transform:uppercase;color:#E8B339;}.elementor-732 .elementor-element.elementor-element-5ad15aa{text-align:center;}.elementor-732 .elementor-element.elementor-element-5ad15aa .elementor-heading-title{font-family:\"Montserrat\", Sans-serif;font-size:45px;font-weight:700;color:#FFFFFF;}.elementor-732 .elementor-element.elementor-element-920fb2d{--divider-border-style:solid;--divider-color:#E8B339;--divider-border-width:3px;}.elementor-732 .elementor-element.elementor-element-920fb2d .elementor-divider-separator{width:12%;margin:0 auto;margin-center:0;}.elementor-732 .elementor-element.elementor-element-920fb2d .elementor-divider{text-align:center;padding-block-start:15px;padding-block-end:15px;}.elementor-732 .elementor-element.elementor-element-23a6b49{text-align:center;}.elementor-732 .elementor-element.elementor-element-23a6b49 .elementor-heading-title{font-family:\"Montserrat\", Sans-serif;font-size:30px;font-weight:700;color:#000000;}.elementor-732 .elementor-element.elementor-element-21f73e2{--divider-border-style:solid;--divider-color:#E8B339;--divider-border-width:3px;}.elementor-732 .elementor-element.elementor-element-21f73e2 .elementor-divider-separator{width:20%;margin:0 auto;margin-center:0;}.elementor-732 .elementor-element.elementor-element-21f73e2 .elementor-divider{text-align:center;padding-block-start:2px;padding-block-end:2px;}.elementor-732 .elementor-element.elementor-element-c1e0bd8{font-family:\"Montserrat\", Sans-serif;font-size:18px;font-weight:400;}.elementor-732 .elementor-element.elementor-element-2dc036b .elementor-button{fill:var( --e-global-color-f9cde54 );color:var( --e-global-color-f9cde54 );background-color:var( --e-global-color-40fed18 );}@media(max-width:1024px){.elementor-732 .elementor-element.elementor-element-fa59735 > .elementor-container{min-height:250px;}.elementor-732 .elementor-element.elementor-element-a0c52de .elementor-heading-title{font-size:15px;}.elementor-732 .elementor-element.elementor-element-5ad15aa .elementor-heading-title{font-size:38px;}.elementor-732 .elementor-element.elementor-element-23a6b49 .elementor-heading-title{font-size:38px;}}@media(max-width:767px){.elementor-732 .elementor-element.elementor-element-5ad15aa .elementor-heading-title{font-size:33px;}.elementor-732 .elementor-element.elementor-element-23a6b49 .elementor-heading-title{font-size:33px;}}@media(min-width:1025px){.elementor-732 .elementor-element.elementor-element-fa59735:not(.elementor-motion-effects-element-type-background), .elementor-732 .elementor-element.elementor-element-fa59735 > .elementor-motion-effects-container > .elementor-motion-effects-layer{background-attachment:fixed;}}<\/style>\t\t<div data-elementor-type=\"wp-page\" data-elementor-id=\"732\" class=\"elementor elementor-732\">\n\t\t\t\t\t\t<section class=\"elementor-section elementor-top-section elementor-element elementor-element-fa59735 elementor-section-height-min-height elementor-section-boxed elementor-section-height-default elementor-section-items-middle\" data-id=\"fa59735\" data-element_type=\"section\" data-e-type=\"section\" data-settings=\"{&quot;background_background&quot;:&quot;classic&quot;}\">\n\t\t\t\t\t\t\t<div class=\"elementor-background-overlay\"><\/div>\n\t\t\t\t\t\t\t<div class=\"elementor-container elementor-column-gap-default\">\n\t\t\t\t\t<div class=\"elementor-column elementor-col-100 elementor-top-column elementor-element elementor-element-a939c76\" data-id=\"a939c76\" data-element_type=\"column\" data-e-type=\"column\">\n\t\t\t<div class=\"elementor-widget-wrap elementor-element-populated\">\n\t\t\t\t\t\t<div class=\"elementor-element elementor-element-a0c52de elementor-widget elementor-widget-heading\" data-id=\"a0c52de\" data-element_type=\"widget\" data-e-type=\"widget\" data-widget_type=\"heading.default\">\n\t\t\t\t<div class=\"elementor-widget-container\">\n\t\t\t\t\t<h2 class=\"elementor-heading-title elementor-size-default\">Services<\/h2>\t\t\t\t<\/div>\n\t\t\t\t<\/div>\n\t\t\t\t<div class=\"elementor-element elementor-element-5ad15aa elementor-widget elementor-widget-heading\" data-id=\"5ad15aa\" data-element_type=\"widget\" data-e-type=\"widget\" data-widget_type=\"heading.default\">\n\t\t\t\t<div class=\"elementor-widget-container\">\n\t\t\t\t\t<h2 class=\"elementor-heading-title elementor-size-default\">Classes and executive training<\/h2>\t\t\t\t<\/div>\n\t\t\t\t<\/div>\n\t\t\t\t<div class=\"elementor-element elementor-element-920fb2d elementor-widget-divider--view-line elementor-widget elementor-widget-divider\" data-id=\"920fb2d\" data-element_type=\"widget\" data-e-type=\"widget\" data-widget_type=\"divider.default\">\n\t\t\t\t<div class=\"elementor-widget-container\">\n\t\t\t\t\t\t\t<div class=\"elementor-divider\">\n\t\t\t<span class=\"elementor-divider-separator\">\n\t\t\t\t\t\t<\/span>\n\t\t<\/div>\n\t\t\t\t\t\t<\/div>\n\t\t\t\t<\/div>\n\t\t\t\t\t<\/div>\n\t\t<\/div>\n\t\t\t\t\t<\/div>\n\t\t<\/section>\n\t\t\t\t<section class=\"elementor-section elementor-top-section elementor-element elementor-element-7a5fe6f elementor-section-boxed elementor-section-height-default elementor-section-height-default\" data-id=\"7a5fe6f\" data-element_type=\"section\" data-e-type=\"section\">\n\t\t\t\t\t\t<div class=\"elementor-container elementor-column-gap-default\">\n\t\t\t\t\t<div class=\"elementor-column elementor-col-50 elementor-top-column elementor-element elementor-element-130d9fa\" data-id=\"130d9fa\" data-element_type=\"column\" data-e-type=\"column\">\n\t\t\t<div class=\"elementor-widget-wrap elementor-element-populated\">\n\t\t\t\t\t\t<div class=\"elementor-element elementor-element-23a6b49 elementor-widget elementor-widget-heading\" data-id=\"23a6b49\" data-element_type=\"widget\" data-e-type=\"widget\" data-widget_type=\"heading.default\">\n\t\t\t\t<div class=\"elementor-widget-container\">\n\t\t\t\t\t<h2 class=\"elementor-heading-title elementor-size-default\">Classes and executive training<\/h2>\t\t\t\t<\/div>\n\t\t\t\t<\/div>\n\t\t\t\t<div class=\"elementor-element elementor-element-21f73e2 elementor-widget-divider--view-line elementor-widget elementor-widget-divider\" data-id=\"21f73e2\" data-element_type=\"widget\" data-e-type=\"widget\" data-widget_type=\"divider.default\">\n\t\t\t\t<div class=\"elementor-widget-container\">\n\t\t\t\t\t\t\t<div class=\"elementor-divider\">\n\t\t\t<span class=\"elementor-divider-separator\">\n\t\t\t\t\t\t<\/span>\n\t\t<\/div>\n\t\t\t\t\t\t<\/div>\n\t\t\t\t<\/div>\n\t\t\t\t<div class=\"elementor-element elementor-element-c1e0bd8 elementor-widget elementor-widget-text-editor\" data-id=\"c1e0bd8\" data-element_type=\"widget\" data-e-type=\"widget\" data-widget_type=\"text-editor.default\">\n\t\t\t\t<div class=\"elementor-widget-container\">\n\t\t\t\t\t\t\t\t\t<p>We currently offer a Diploma in Applied Socio-Environmental Assessment (DESAA). You can find more information here: www.cursodesaa.com. The course begins on May 8, 2025. Register at desaa.evaluacion@gmail.com.<\/p>\n<p>You can sign up for all courses (10 modules) or just one module. The choice is yours.<\/p>\n<p>Click the button for more information.<\/p>\t\t\t\t\t\t\t\t<\/div>\n\t\t\t\t<\/div>\n\t\t\t\t<div class=\"elementor-element elementor-element-2dc036b elementor-align-justify elementor-widget elementor-widget-button\" data-id=\"2dc036b\" data-element_type=\"widget\" data-e-type=\"widget\" data-widget_type=\"button.default\">\n\t\t\t\t<div class=\"elementor-widget-container\">\n\t\t\t\t\t\t\t\t\t<div class=\"elementor-button-wrapper\">\n\t\t\t\t\t<a class=\"elementor-button elementor-button-link elementor-size-sm\" href=\"http:\/\/www.cursodesaa.com\" target=\"_blank\">\n\t\t\t\t\t\t<span class=\"elementor-button-content-wrapper\">\n\t\t\t\t\t\t\t\t\t<span class=\"elementor-button-text\">MORE INFORMATION ABOUT THE COURSE<\/span>\n\t\t\t\t\t<\/span>\n\t\t\t\t\t<\/a>\n\t\t\t\t<\/div>\n\t\t\t\t\t\t\t\t<\/div>\n\t\t\t\t<\/div>\n\t\t\t\t\t<\/div>\n\t\t<\/div>\n\t\t\t\t<div class=\"elementor-column elementor-col-50 elementor-top-column elementor-element elementor-element-903638e\" data-id=\"903638e\" data-element_type=\"column\" data-e-type=\"column\">\n\t\t\t<div class=\"elementor-widget-wrap elementor-element-populated\">\n\t\t\t\t\t\t<div class=\"elementor-element elementor-element-b3f23dc elementor-widget elementor-widget-image\" data-id=\"b3f23dc\" data-element_type=\"widget\" data-e-type=\"widget\" data-widget_type=\"image.default\">\n\t\t\t\t<div class=\"elementor-widget-container\">\n\t\t\t\t\t\t\t\t\t\t\t\t\t\t\t<img fetchpriority=\"high\" decoding=\"async\" width=\"580\" height=\"324\" src=\"https:\/\/econoquanty.com\/wp-content\/uploads\/2025\/02\/PORTADA-PARA-PAGINA-WEB_Pagina_2-1024x572.jpg\" class=\"attachment-large size-large wp-image-1634\" alt=\"\" srcset=\"https:\/\/econoquanty.com\/wp-content\/uploads\/2025\/02\/PORTADA-PARA-PAGINA-WEB_Pagina_2-1024x572.jpg 1024w, https:\/\/econoquanty.com\/wp-content\/uploads\/2025\/02\/PORTADA-PARA-PAGINA-WEB_Pagina_2-300x168.jpg 300w, https:\/\/econoquanty.com\/wp-content\/uploads\/2025\/02\/PORTADA-PARA-PAGINA-WEB_Pagina_2-768x429.jpg 768w, https:\/\/econoquanty.com\/wp-content\/uploads\/2025\/02\/PORTADA-PARA-PAGINA-WEB_Pagina_2-1536x859.jpg 1536w, https:\/\/econoquanty.com\/wp-content\/uploads\/2025\/02\/PORTADA-PARA-PAGINA-WEB_Pagina_2-2048x1145.jpg 2048w, https:\/\/econoquanty.com\/wp-content\/uploads\/2025\/02\/PORTADA-PARA-PAGINA-WEB_Pagina_2-18x10.jpg 18w, https:\/\/econoquanty.com\/wp-content\/uploads\/2025\/02\/PORTADA-PARA-PAGINA-WEB_Pagina_2-1200x671.jpg 1200w, https:\/\/econoquanty.com\/wp-content\/uploads\/2025\/02\/PORTADA-PARA-PAGINA-WEB_Pagina_2-1980x1107.jpg 1980w\" sizes=\"(max-width: 580px) 100vw, 580px\" \/>\t\t\t\t\t\t\t\t\t\t\t\t\t\t\t<\/div>\n\t\t\t\t<\/div>\n\t\t\t\t\t<\/div>\n\t\t<\/div>\n\t\t\t\t\t<\/div>\n\t\t<\/section>\n\t\t\t\t<\/div>","protected":false},"excerpt":{"rendered":"<p>Servicios Clases y capacitaci\u00f3n ejecutiva Clases y capacitaci\u00f3n ejecutiva Actualmente contamos con un Diplomado en Evaluaci\u00f3n Socio Ambiental Aplicada DESAA, puedes encontrar m\u00e1s informaci\u00f3n aqui www.cursodesaa.com , comenzamos este curso el 08 de mayo de 2025, inscribete en desaa.evaluacion@gmail.com. Puedes inscribirte a todo e cursos (10 m\u00f3dulos) o s\u00f3lo a un m\u00f3dulo. Tu elijes. Pulsa [&hellip;]<\/p>\n","protected":false},"author":1,"featured_media":0,"parent":0,"menu_order":0,"comment_status":"closed","ping_status":"closed","template":"elementor_header_footer","meta":{"footnotes":""},"class_list":["post-732","page","type-page","status-publish","hentry"],"yoast_head":"<!-- This site is optimized with the Yoast SEO plugin v27.1.1 - https:\/\/yoast.com\/product\/yoast-seo-wordpress\/ -->\n<title>Clases y capacitaci\u00f3n ejecutiva - Econocuanty<\/title>\n<meta name=\"robots\" content=\"index, follow, max-snippet:-1, max-image-preview:large, max-video-preview:-1\" \/>\n<link rel=\"canonical\" href=\"https:\/\/econoquanty.com\/en\/clases-y-capacitacion-ejecutiva\/\" \/>\n<meta property=\"og:locale\" content=\"en_US\" \/>\n<meta property=\"og:type\" content=\"article\" \/>\n<meta property=\"og:title\" content=\"Clases y capacitaci\u00f3n ejecutiva - Econocuanty\" \/>\n<meta property=\"og:description\" content=\"Servicios Clases y capacitaci\u00f3n ejecutiva Clases y capacitaci\u00f3n ejecutiva Actualmente contamos con un Diplomado en Evaluaci\u00f3n Socio Ambiental Aplicada DESAA, puedes encontrar m\u00e1s informaci\u00f3n aqui www.cursodesaa.com , comenzamos este curso el 08 de mayo de 2025, inscribete en desaa.evaluacion@gmail.com. Puedes inscribirte a todo e cursos (10 m\u00f3dulos) o s\u00f3lo a un m\u00f3dulo. Tu elijes. Pulsa [&hellip;]\" \/>\n<meta property=\"og:url\" content=\"https:\/\/econoquanty.com\/en\/clases-y-capacitacion-ejecutiva\/\" \/>\n<meta property=\"og:site_name\" content=\"Econocuanty\" \/>\n<meta property=\"article:modified_time\" content=\"2025-10-22T22:51:06+00:00\" \/>\n<meta property=\"og:image\" content=\"https:\/\/econoquanty.com\/wp-content\/uploads\/2025\/02\/PORTADA-PARA-PAGINA-WEB_Pagina_2-scaled.jpg\" \/>\n\t<meta property=\"og:image:width\" content=\"2560\" \/>\n\t<meta property=\"og:image:height\" content=\"1431\" \/>\n\t<meta property=\"og:image:type\" content=\"image\/jpeg\" \/>\n<meta name=\"twitter:card\" content=\"summary_large_image\" \/>\n<meta name=\"twitter:label1\" content=\"Est. reading time\" \/>\n\t<meta name=\"twitter:data1\" content=\"1 minute\" \/>\n<script type=\"application\/ld+json\" class=\"yoast-schema-graph\">{\"@context\":\"https:\/\/schema.org\",\"@graph\":[{\"@type\":\"WebPage\",\"@id\":\"https:\/\/econoquanty.com\/clases-y-capacitacion-ejecutiva\/\",\"url\":\"https:\/\/econoquanty.com\/clases-y-capacitacion-ejecutiva\/\",\"name\":\"Clases y capacitaci\u00f3n ejecutiva - Econocuanty\",\"isPartOf\":{\"@id\":\"https:\/\/econoquanty.com\/#website\"},\"primaryImageOfPage\":{\"@id\":\"https:\/\/econoquanty.com\/clases-y-capacitacion-ejecutiva\/#primaryimage\"},\"image\":{\"@id\":\"https:\/\/econoquanty.com\/clases-y-capacitacion-ejecutiva\/#primaryimage\"},\"thumbnailUrl\":\"https:\/\/econoquanty.com\/wp-content\/uploads\/2025\/02\/PORTADA-PARA-PAGINA-WEB_Pagina_2-1024x572.jpg\",\"datePublished\":\"2022-11-10T02:37:28+00:00\",\"dateModified\":\"2025-10-22T22:51:06+00:00\",\"breadcrumb\":{\"@id\":\"https:\/\/econoquanty.com\/clases-y-capacitacion-ejecutiva\/#breadcrumb\"},\"inLanguage\":\"en-US\",\"potentialAction\":[{\"@type\":\"ReadAction\",\"target\":[\"https:\/\/econoquanty.com\/clases-y-capacitacion-ejecutiva\/\"]}]},{\"@type\":\"ImageObject\",\"inLanguage\":\"en-US\",\"@id\":\"https:\/\/econoquanty.com\/clases-y-capacitacion-ejecutiva\/#primaryimage\",\"url\":\"https:\/\/econoquanty.com\/wp-content\/uploads\/2025\/02\/PORTADA-PARA-PAGINA-WEB_Pagina_2-1024x572.jpg\",\"contentUrl\":\"https:\/\/econoquanty.com\/wp-content\/uploads\/2025\/02\/PORTADA-PARA-PAGINA-WEB_Pagina_2-1024x572.jpg\"},{\"@type\":\"BreadcrumbList\",\"@id\":\"https:\/\/econoquanty.com\/clases-y-capacitacion-ejecutiva\/#breadcrumb\",\"itemListElement\":[{\"@type\":\"ListItem\",\"position\":1,\"name\":\"Portada\",\"item\":\"https:\/\/econoquanty.com\/\"},{\"@type\":\"ListItem\",\"position\":2,\"name\":\"Clases y capacitaci\u00f3n ejecutiva\"}]},{\"@type\":\"WebSite\",\"@id\":\"https:\/\/econoquanty.com\/#website\",\"url\":\"https:\/\/econoquanty.com\/\",\"name\":\"Econocuanty\",\"description\":\"Otro sitio realizado con WordPress\",\"publisher\":{\"@id\":\"https:\/\/econoquanty.com\/#organization\"},\"potentialAction\":[{\"@type\":\"SearchAction\",\"target\":{\"@type\":\"EntryPoint\",\"urlTemplate\":\"https:\/\/econoquanty.com\/?s={search_term_string}\"},\"query-input\":{\"@type\":\"PropertyValueSpecification\",\"valueRequired\":true,\"valueName\":\"search_term_string\"}}],\"inLanguage\":\"en-US\"},{\"@type\":\"Organization\",\"@id\":\"https:\/\/econoquanty.com\/#organization\",\"name\":\"Econocuanty\",\"url\":\"https:\/\/econoquanty.com\/\",\"logo\":{\"@type\":\"ImageObject\",\"inLanguage\":\"en-US\",\"@id\":\"https:\/\/econoquanty.com\/#\/schema\/logo\/image\/\",\"url\":\"https:\/\/econoquanty.com\/wp-content\/uploads\/2022\/11\/econoquanty-preferencial.png\",\"contentUrl\":\"https:\/\/econoquanty.com\/wp-content\/uploads\/2022\/11\/econoquanty-preferencial.png\",\"width\":524,\"height\":122,\"caption\":\"Econocuanty\"},\"image\":{\"@id\":\"https:\/\/econoquanty.com\/#\/schema\/logo\/image\/\"}}]}<\/script>\n<!-- \/ Yoast SEO plugin. -->","yoast_head_json":{"title":"Clases y capacitaci\u00f3n ejecutiva - Econocuanty","robots":{"index":"index","follow":"follow","max-snippet":"max-snippet:-1","max-image-preview":"max-image-preview:large","max-video-preview":"max-video-preview:-1"},"canonical":"https:\/\/econoquanty.com\/en\/clases-y-capacitacion-ejecutiva\/","og_locale":"en_US","og_type":"article","og_title":"Clases y capacitaci\u00f3n ejecutiva - Econocuanty","og_description":"Servicios Clases y capacitaci\u00f3n ejecutiva Clases y capacitaci\u00f3n ejecutiva Actualmente contamos con un Diplomado en Evaluaci\u00f3n Socio Ambiental Aplicada DESAA, puedes encontrar m\u00e1s informaci\u00f3n aqui www.cursodesaa.com , comenzamos este curso el 08 de mayo de 2025, inscribete en desaa.evaluacion@gmail.com. Puedes inscribirte a todo e cursos (10 m\u00f3dulos) o s\u00f3lo a un m\u00f3dulo. Tu elijes. Pulsa [&hellip;]","og_url":"https:\/\/econoquanty.com\/en\/clases-y-capacitacion-ejecutiva\/","og_site_name":"Econocuanty","article_modified_time":"2025-10-22T22:51:06+00:00","og_image":[{"width":2560,"height":1431,"url":"https:\/\/econoquanty.com\/wp-content\/uploads\/2025\/02\/PORTADA-PARA-PAGINA-WEB_Pagina_2-scaled.jpg","type":"image\/jpeg"}],"twitter_card":"summary_large_image","twitter_misc":{"Est. reading time":"1 minute"},"schema":{"@context":"https:\/\/schema.org","@graph":[{"@type":"WebPage","@id":"https:\/\/econoquanty.com\/clases-y-capacitacion-ejecutiva\/","url":"https:\/\/econoquanty.com\/clases-y-capacitacion-ejecutiva\/","name":"Clases y capacitaci\u00f3n ejecutiva - Econocuanty","isPartOf":{"@id":"https:\/\/econoquanty.com\/#website"},"primaryImageOfPage":{"@id":"https:\/\/econoquanty.com\/clases-y-capacitacion-ejecutiva\/#primaryimage"},"image":{"@id":"https:\/\/econoquanty.com\/clases-y-capacitacion-ejecutiva\/#primaryimage"},"thumbnailUrl":"https:\/\/econoquanty.com\/wp-content\/uploads\/2025\/02\/PORTADA-PARA-PAGINA-WEB_Pagina_2-1024x572.jpg","datePublished":"2022-11-10T02:37:28+00:00","dateModified":"2025-10-22T22:51:06+00:00","breadcrumb":{"@id":"https:\/\/econoquanty.com\/clases-y-capacitacion-ejecutiva\/#breadcrumb"},"inLanguage":"en-US","potentialAction":[{"@type":"ReadAction","target":["https:\/\/econoquanty.com\/clases-y-capacitacion-ejecutiva\/"]}]},{"@type":"ImageObject","inLanguage":"en-US","@id":"https:\/\/econoquanty.com\/clases-y-capacitacion-ejecutiva\/#primaryimage","url":"https:\/\/econoquanty.com\/wp-content\/uploads\/2025\/02\/PORTADA-PARA-PAGINA-WEB_Pagina_2-1024x572.jpg","contentUrl":"https:\/\/econoquanty.com\/wp-content\/uploads\/2025\/02\/PORTADA-PARA-PAGINA-WEB_Pagina_2-1024x572.jpg"},{"@type":"BreadcrumbList","@id":"https:\/\/econoquanty.com\/clases-y-capacitacion-ejecutiva\/#breadcrumb","itemListElement":[{"@type":"ListItem","position":1,"name":"Portada","item":"https:\/\/econoquanty.com\/"},{"@type":"ListItem","position":2,"name":"Clases y capacitaci\u00f3n ejecutiva"}]},{"@type":"WebSite","@id":"https:\/\/econoquanty.com\/#website","url":"https:\/\/econoquanty.com\/","name":"Econocuanty","description":"Otro sitio realizado con WordPress","publisher":{"@id":"https:\/\/econoquanty.com\/#organization"},"potentialAction":[{"@type":"SearchAction","target":{"@type":"EntryPoint","urlTemplate":"https:\/\/econoquanty.com\/?s={search_term_string}"},"query-input":{"@type":"PropertyValueSpecification","valueRequired":true,"valueName":"search_term_string"}}],"inLanguage":"en-US"},{"@type":"Organization","@id":"https:\/\/econoquanty.com\/#organization","name":"Econocuanty","url":"https:\/\/econoquanty.com\/","logo":{"@type":"ImageObject","inLanguage":"en-US","@id":"https:\/\/econoquanty.com\/#\/schema\/logo\/image\/","url":"https:\/\/econoquanty.com\/wp-content\/uploads\/2022\/11\/econoquanty-preferencial.png","contentUrl":"https:\/\/econoquanty.com\/wp-content\/uploads\/2022\/11\/econoquanty-preferencial.png","width":524,"height":122,"caption":"Econocuanty"},"image":{"@id":"https:\/\/econoquanty.com\/#\/schema\/logo\/image\/"}}]}},"_links":{"self":[{"href":"https:\/\/econoquanty.com\/en\/wp-json\/wp\/v2\/pages\/732","targetHints":{"allow":["GET"]}}],"collection":[{"href":"https:\/\/econoquanty.com\/en\/wp-json\/wp\/v2\/pages"}],"about":[{"href":"https:\/\/econoquanty.com\/en\/wp-json\/wp\/v2\/types\/page"}],"author":[{"embeddable":true,"href":"https:\/\/econoquanty.com\/en\/wp-json\/wp\/v2\/users\/1"}],"replies":[{"embeddable":true,"href":"https:\/\/econoquanty.com\/en\/wp-json\/wp\/v2\/comments?post=732"}],"version-history":[{"count":31,"href":"https:\/\/econoquanty.com\/en\/wp-json\/wp\/v2\/pages\/732\/revisions"}],"predecessor-version":[{"id":1692,"href":"https:\/\/econoquanty.com\/en\/wp-json\/wp\/v2\/pages\/732\/revisions\/1692"}],"wp:attachment":[{"href":"https:\/\/econoquanty.com\/en\/wp-json\/wp\/v2\/media?parent=732"}],"curies":[{"name":"wp","href":"https:\/\/api.w.org\/{rel}","templated":true}]}}