{"id":730,"date":"2022-11-09T22:37:06","date_gmt":"2022-11-10T02:37:06","guid":{"rendered":"https:\/\/econoquanty.com\/?page_id=730"},"modified":"2022-11-21T16:33:27","modified_gmt":"2022-11-21T20:33:27","slug":"investigaciones-economicas","status":"publish","type":"page","link":"https:\/\/econoquanty.com\/en\/investigaciones-economicas\/","title":{"rendered":"Investigaciones Econ\u00f3micas"},"content":{"rendered":"<style>.elementor-730 .elementor-element.elementor-element-16e4625 > .elementor-container{min-height:350px;}.elementor-730 .elementor-element.elementor-element-16e4625:not(.elementor-motion-effects-element-type-background), .elementor-730 .elementor-element.elementor-element-16e4625 > .elementor-motion-effects-container > .elementor-motion-effects-layer{background-image:url(\"https:\/\/econoquanty.com\/wp-content\/uploads\/2022\/11\/forex-graph-hologram-over-night-busy-road-traffic-in-bangkok-the-developed-location-for-stock-market-researchers-in-southeast-asia-the-concept-of-fundamental-analysis-double-exposure.jpg\");background-position:center center;background-repeat:no-repeat;background-size:cover;}.elementor-730 .elementor-element.elementor-element-16e4625 > .elementor-background-overlay{background-color:#000000;opacity:0.75;transition:background 0.3s, border-radius 0.3s, opacity 0.3s;}.elementor-730 .elementor-element.elementor-element-16e4625{transition:background 0.3s, border 0.3s, border-radius 0.3s, box-shadow 0.3s;}.elementor-730 .elementor-element.elementor-element-855d3a4{text-align:center;}.elementor-730 .elementor-element.elementor-element-855d3a4 .elementor-heading-title{font-family:\"Montserrat\", Sans-serif;font-size:18px;font-weight:700;text-transform:uppercase;color:#E8B339;}.elementor-730 .elementor-element.elementor-element-c0f71de{text-align:center;}.elementor-730 .elementor-element.elementor-element-c0f71de .elementor-heading-title{font-family:\"Montserrat\", Sans-serif;font-size:45px;font-weight:700;color:#FFFFFF;}.elementor-730 .elementor-element.elementor-element-295702d{--divider-border-style:solid;--divider-color:#E8B339;--divider-border-width:3px;}.elementor-730 .elementor-element.elementor-element-295702d .elementor-divider-separator{width:12%;margin:0 auto;margin-center:0;}.elementor-730 .elementor-element.elementor-element-295702d .elementor-divider{text-align:center;padding-block-start:15px;padding-block-end:15px;}.elementor-730 .elementor-element.elementor-element-2210d3a{transition:background 0.3s, border 0.3s, border-radius 0.3s, box-shadow 0.3s;margin-top:0px;margin-bottom:0px;padding:0px 0px 20px 0px;}.elementor-730 .elementor-element.elementor-element-2210d3a > .elementor-background-overlay{transition:background 0.3s, border-radius 0.3s, opacity 0.3s;}.elementor-730 .elementor-element.elementor-element-bd888eb{border-style:solid;border-width:2px 2px 2px 2px;border-color:#000000;transition:background 0.3s, border 0.3s, border-radius 0.3s, box-shadow 0.3s;margin-top:0px;margin-bottom:0px;padding:10px 10px 10px 10px;}.elementor-730 .elementor-element.elementor-element-bd888eb > .elementor-background-overlay{transition:background 0.3s, border-radius 0.3s, opacity 0.3s;}.elementor-730 .elementor-element.elementor-element-b9ca278:not(.elementor-motion-effects-element-type-background) > .elementor-widget-wrap, .elementor-730 .elementor-element.elementor-element-b9ca278 > .elementor-widget-wrap > .elementor-motion-effects-container > .elementor-motion-effects-layer{background-color:#000000;}.elementor-730 .elementor-element.elementor-element-b9ca278 > .elementor-element-populated{transition:background 0.3s, border 0.3s, border-radius 0.3s, box-shadow 0.3s;margin:0px 0px 0px 0px;--e-column-margin-right:0px;--e-column-margin-left:0px;padding:15px 12px 12px 12px;}.elementor-730 .elementor-element.elementor-element-b9ca278 > .elementor-element-populated > .elementor-background-overlay{transition:background 0.3s, border-radius 0.3s, opacity 0.3s;}.elementor-730 .elementor-element.elementor-element-0fd9da1{text-align:center;}.elementor-730 .elementor-element.elementor-element-0fd9da1 .elementor-heading-title{font-family:\"Montserrat\", Sans-serif;font-weight:700;color:#FFFFFF;}.elementor-730 .elementor-element.elementor-element-140f4b4{text-align:center;font-family:\"Montserrat\", Sans-serif;font-size:17px;font-weight:400;color:#FFFFFF;}.elementor-730 .elementor-element.elementor-element-7eba889{text-align:center;}.elementor-730 .elementor-element.elementor-element-7eba889 img{width:85%;}.elementor-730 .elementor-element.elementor-element-7eba889 > .elementor-widget-container{margin:-15px 0px 0px 0px;}.elementor-730 .elementor-element.elementor-element-3509f2d > .elementor-element-populated{margin:0px 0px 0px 0px;--e-column-margin-right:0px;--e-column-margin-left:0px;padding:10px 0px 0px 0px;}@media(max-width:1024px){.elementor-730 .elementor-element.elementor-element-16e4625 > .elementor-container{min-height:250px;}.elementor-730 .elementor-element.elementor-element-855d3a4 .elementor-heading-title{font-size:15px;}.elementor-730 .elementor-element.elementor-element-c0f71de .elementor-heading-title{font-size:38px;}}@media(max-width:767px){.elementor-730 .elementor-element.elementor-element-c0f71de .elementor-heading-title{font-size:33px;}.elementor-730 .elementor-element.elementor-element-7eba889 > .elementor-widget-container{margin:0px 0px 0px 0px;}}@media(min-width:1025px){.elementor-730 .elementor-element.elementor-element-16e4625:not(.elementor-motion-effects-element-type-background), .elementor-730 .elementor-element.elementor-element-16e4625 > .elementor-motion-effects-container > .elementor-motion-effects-layer{background-attachment:fixed;}}<\/style>\t\t<div data-elementor-type=\"wp-page\" data-elementor-id=\"730\" class=\"elementor elementor-730\">\n\t\t\t\t\t\t<section class=\"elementor-section elementor-top-section elementor-element elementor-element-16e4625 elementor-section-height-min-height elementor-section-boxed elementor-section-height-default elementor-section-items-middle\" data-id=\"16e4625\" data-element_type=\"section\" data-e-type=\"section\" data-settings=\"{&quot;background_background&quot;:&quot;classic&quot;}\">\n\t\t\t\t\t\t\t<div class=\"elementor-background-overlay\"><\/div>\n\t\t\t\t\t\t\t<div class=\"elementor-container elementor-column-gap-default\">\n\t\t\t\t\t<div class=\"elementor-column elementor-col-100 elementor-top-column elementor-element elementor-element-b0d77bd\" data-id=\"b0d77bd\" data-element_type=\"column\" data-e-type=\"column\">\n\t\t\t<div class=\"elementor-widget-wrap elementor-element-populated\">\n\t\t\t\t\t\t<div class=\"elementor-element elementor-element-855d3a4 elementor-widget elementor-widget-heading\" data-id=\"855d3a4\" data-element_type=\"widget\" data-e-type=\"widget\" data-widget_type=\"heading.default\">\n\t\t\t\t<div class=\"elementor-widget-container\">\n\t\t\t\t\t<h2 class=\"elementor-heading-title elementor-size-default\">Services<\/h2>\t\t\t\t<\/div>\n\t\t\t\t<\/div>\n\t\t\t\t<div class=\"elementor-element elementor-element-74995eb elementor-widget elementor-widget-menu-anchor\" data-id=\"74995eb\" data-element_type=\"widget\" data-e-type=\"widget\" data-widget_type=\"menu-anchor.default\">\n\t\t\t\t<div class=\"elementor-widget-container\">\n\t\t\t\t\t\t\t<div class=\"elementor-menu-anchor\" id=\"Nopoor\"><\/div>\n\t\t\t\t\t\t<\/div>\n\t\t\t\t<\/div>\n\t\t\t\t<div class=\"elementor-element elementor-element-c0f71de elementor-widget elementor-widget-heading\" data-id=\"c0f71de\" data-element_type=\"widget\" data-e-type=\"widget\" data-widget_type=\"heading.default\">\n\t\t\t\t<div class=\"elementor-widget-container\">\n\t\t\t\t\t<h2 class=\"elementor-heading-title elementor-size-default\">Economic investigations<\/h2>\t\t\t\t<\/div>\n\t\t\t\t<\/div>\n\t\t\t\t<div class=\"elementor-element elementor-element-295702d elementor-widget-divider--view-line elementor-widget elementor-widget-divider\" data-id=\"295702d\" data-element_type=\"widget\" data-e-type=\"widget\" data-widget_type=\"divider.default\">\n\t\t\t\t<div class=\"elementor-widget-container\">\n\t\t\t\t\t\t\t<div class=\"elementor-divider\">\n\t\t\t<span class=\"elementor-divider-separator\">\n\t\t\t\t\t\t<\/span>\n\t\t<\/div>\n\t\t\t\t\t\t<\/div>\n\t\t\t\t<\/div>\n\t\t\t\t\t<\/div>\n\t\t<\/div>\n\t\t\t\t\t<\/div>\n\t\t<\/section>\n\t\t\t\t<section class=\"elementor-section elementor-top-section elementor-element elementor-element-2210d3a elementor-section-boxed elementor-section-height-default elementor-section-height-default\" data-id=\"2210d3a\" data-element_type=\"section\" data-e-type=\"section\" data-settings=\"{&quot;background_background&quot;:&quot;classic&quot;}\">\n\t\t\t\t\t\t<div class=\"elementor-container elementor-column-gap-default\">\n\t\t\t\t\t<div class=\"elementor-column elementor-col-50 elementor-top-column elementor-element elementor-element-c11f550\" data-id=\"c11f550\" data-element_type=\"column\" data-e-type=\"column\">\n\t\t\t<div class=\"elementor-widget-wrap elementor-element-populated\">\n\t\t\t\t\t\t<section class=\"elementor-section elementor-inner-section elementor-element elementor-element-bd888eb elementor-section-boxed elementor-section-height-default elementor-section-height-default\" data-id=\"bd888eb\" data-element_type=\"section\" data-e-type=\"section\" data-settings=\"{&quot;background_background&quot;:&quot;classic&quot;}\">\n\t\t\t\t\t\t<div class=\"elementor-container elementor-column-gap-default\">\n\t\t\t\t\t<div class=\"elementor-column elementor-col-50 elementor-inner-column elementor-element elementor-element-b9ca278\" data-id=\"b9ca278\" data-element_type=\"column\" data-e-type=\"column\" data-settings=\"{&quot;background_background&quot;:&quot;classic&quot;}\">\n\t\t\t<div class=\"elementor-widget-wrap elementor-element-populated\">\n\t\t\t\t\t\t<div class=\"elementor-element elementor-element-0fd9da1 elementor-widget elementor-widget-heading\" data-id=\"0fd9da1\" data-element_type=\"widget\" data-e-type=\"widget\" data-widget_type=\"heading.default\">\n\t\t\t\t<div class=\"elementor-widget-container\">\n\t\t\t\t\t<h2 class=\"elementor-heading-title elementor-size-default\">NOPOOR:<\/h2>\t\t\t\t<\/div>\n\t\t\t\t<\/div>\n\t\t\t\t<div class=\"elementor-element elementor-element-140f4b4 elementor-widget elementor-widget-text-editor\" data-id=\"140f4b4\" data-element_type=\"widget\" data-e-type=\"widget\" data-widget_type=\"text-editor.default\">\n\t\t\t\t<div class=\"elementor-widget-container\">\n\t\t\t\t\t\t\t\t\t<p>Project financed by the European Commission with FP7 funds, this project investigated the best practices to combat poverty and inequality in the world.<\/p>\t\t\t\t\t\t\t\t<\/div>\n\t\t\t\t<\/div>\n\t\t\t\t\t<\/div>\n\t\t<\/div>\n\t\t\t\t<div class=\"elementor-column elementor-col-50 elementor-inner-column elementor-element elementor-element-2778467\" data-id=\"2778467\" data-element_type=\"column\" data-e-type=\"column\">\n\t\t\t<div class=\"elementor-widget-wrap elementor-element-populated\">\n\t\t\t\t\t\t<div class=\"elementor-element elementor-element-7eba889 elementor-widget elementor-widget-image\" data-id=\"7eba889\" data-element_type=\"widget\" data-e-type=\"widget\" data-widget_type=\"image.default\">\n\t\t\t\t<div class=\"elementor-widget-container\">\n\t\t\t\t\t\t\t\t\t\t\t\t\t\t\t<img fetchpriority=\"high\" decoding=\"async\" width=\"500\" height=\"752\" src=\"https:\/\/econoquanty.com\/wp-content\/uploads\/2022\/11\/eneral-portada.jpg\" class=\"attachment-large size-large wp-image-924\" alt=\"\" srcset=\"https:\/\/econoquanty.com\/wp-content\/uploads\/2022\/11\/eneral-portada.jpg 500w, https:\/\/econoquanty.com\/wp-content\/uploads\/2022\/11\/eneral-portada-199x300.jpg 199w\" sizes=\"(max-width: 500px) 100vw, 500px\" \/>\t\t\t\t\t\t\t\t\t\t\t\t\t\t\t<\/div>\n\t\t\t\t<\/div>\n\t\t\t\t\t<\/div>\n\t\t<\/div>\n\t\t\t\t\t<\/div>\n\t\t<\/section>\n\t\t\t\t\t<\/div>\n\t\t<\/div>\n\t\t\t\t<div class=\"elementor-column elementor-col-50 elementor-top-column elementor-element elementor-element-3509f2d\" data-id=\"3509f2d\" data-element_type=\"column\" data-e-type=\"column\">\n\t\t\t<div class=\"elementor-widget-wrap\">\n\t\t\t\t\t\t\t<\/div>\n\t\t<\/div>\n\t\t\t\t\t<\/div>\n\t\t<\/section>\n\t\t\t\t<\/div>","protected":false},"excerpt":{"rendered":"<p>Servicios Investigaciones econ\u00f3micas NOPOOR: Proyecto financiado por la Comisi\u00f3n Europea con fondos FP7, este proyecto investig\u00f3 las mejores pr\u00e1cticas de combatir la pobreza y desigualdad en el mundo.<\/p>","protected":false},"author":1,"featured_media":0,"parent":0,"menu_order":0,"comment_status":"closed","ping_status":"closed","template":"elementor_header_footer","meta":{"footnotes":""},"class_list":["post-730","page","type-page","status-publish","hentry"],"yoast_head":"<!-- This site is optimized with the Yoast SEO plugin v27.1.1 - https:\/\/yoast.com\/product\/yoast-seo-wordpress\/ -->\n<title>Investigaciones Econ\u00f3micas - Econocuanty<\/title>\n<meta name=\"robots\" content=\"index, follow, max-snippet:-1, max-image-preview:large, max-video-preview:-1\" \/>\n<link rel=\"canonical\" href=\"https:\/\/econoquanty.com\/en\/investigaciones-economicas\/\" \/>\n<meta property=\"og:locale\" content=\"en_US\" \/>\n<meta property=\"og:type\" content=\"article\" \/>\n<meta property=\"og:title\" content=\"Investigaciones Econ\u00f3micas - Econocuanty\" \/>\n<meta property=\"og:description\" content=\"Servicios Investigaciones econ\u00f3micas NOPOOR: Proyecto financiado por la Comisi\u00f3n Europea con fondos FP7, este proyecto investig\u00f3 las mejores pr\u00e1cticas de combatir la pobreza y desigualdad en el mundo.\" \/>\n<meta property=\"og:url\" content=\"https:\/\/econoquanty.com\/en\/investigaciones-economicas\/\" \/>\n<meta property=\"og:site_name\" content=\"Econocuanty\" \/>\n<meta property=\"article:modified_time\" content=\"2022-11-21T20:33:27+00:00\" \/>\n<meta property=\"og:image\" content=\"https:\/\/econoquanty.com\/wp-content\/uploads\/2022\/11\/eneral-portada.jpg\" \/>\n<meta name=\"twitter:card\" content=\"summary_large_image\" \/>\n<meta name=\"twitter:label1\" content=\"Est. reading time\" \/>\n\t<meta name=\"twitter:data1\" content=\"1 minute\" \/>\n<script type=\"application\/ld+json\" class=\"yoast-schema-graph\">{\"@context\":\"https:\/\/schema.org\",\"@graph\":[{\"@type\":\"WebPage\",\"@id\":\"https:\/\/econoquanty.com\/investigaciones-economicas\/\",\"url\":\"https:\/\/econoquanty.com\/investigaciones-economicas\/\",\"name\":\"Investigaciones Econ\u00f3micas - Econocuanty\",\"isPartOf\":{\"@id\":\"https:\/\/econoquanty.com\/#website\"},\"primaryImageOfPage\":{\"@id\":\"https:\/\/econoquanty.com\/investigaciones-economicas\/#primaryimage\"},\"image\":{\"@id\":\"https:\/\/econoquanty.com\/investigaciones-economicas\/#primaryimage\"},\"thumbnailUrl\":\"https:\/\/econoquanty.com\/wp-content\/uploads\/2022\/11\/eneral-portada.jpg\",\"datePublished\":\"2022-11-10T02:37:06+00:00\",\"dateModified\":\"2022-11-21T20:33:27+00:00\",\"breadcrumb\":{\"@id\":\"https:\/\/econoquanty.com\/investigaciones-economicas\/#breadcrumb\"},\"inLanguage\":\"en-US\",\"potentialAction\":[{\"@type\":\"ReadAction\",\"target\":[\"https:\/\/econoquanty.com\/investigaciones-economicas\/\"]}]},{\"@type\":\"ImageObject\",\"inLanguage\":\"en-US\",\"@id\":\"https:\/\/econoquanty.com\/investigaciones-economicas\/#primaryimage\",\"url\":\"https:\/\/econoquanty.com\/wp-content\/uploads\/2022\/11\/eneral-portada.jpg\",\"contentUrl\":\"https:\/\/econoquanty.com\/wp-content\/uploads\/2022\/11\/eneral-portada.jpg\"},{\"@type\":\"BreadcrumbList\",\"@id\":\"https:\/\/econoquanty.com\/investigaciones-economicas\/#breadcrumb\",\"itemListElement\":[{\"@type\":\"ListItem\",\"position\":1,\"name\":\"Portada\",\"item\":\"https:\/\/econoquanty.com\/\"},{\"@type\":\"ListItem\",\"position\":2,\"name\":\"Investigaciones Econ\u00f3micas\"}]},{\"@type\":\"WebSite\",\"@id\":\"https:\/\/econoquanty.com\/#website\",\"url\":\"https:\/\/econoquanty.com\/\",\"name\":\"Econocuanty\",\"description\":\"Otro sitio realizado con WordPress\",\"publisher\":{\"@id\":\"https:\/\/econoquanty.com\/#organization\"},\"potentialAction\":[{\"@type\":\"SearchAction\",\"target\":{\"@type\":\"EntryPoint\",\"urlTemplate\":\"https:\/\/econoquanty.com\/?s={search_term_string}\"},\"query-input\":{\"@type\":\"PropertyValueSpecification\",\"valueRequired\":true,\"valueName\":\"search_term_string\"}}],\"inLanguage\":\"en-US\"},{\"@type\":\"Organization\",\"@id\":\"https:\/\/econoquanty.com\/#organization\",\"name\":\"Econocuanty\",\"url\":\"https:\/\/econoquanty.com\/\",\"logo\":{\"@type\":\"ImageObject\",\"inLanguage\":\"en-US\",\"@id\":\"https:\/\/econoquanty.com\/#\/schema\/logo\/image\/\",\"url\":\"https:\/\/econoquanty.com\/wp-content\/uploads\/2022\/11\/econoquanty-preferencial.png\",\"contentUrl\":\"https:\/\/econoquanty.com\/wp-content\/uploads\/2022\/11\/econoquanty-preferencial.png\",\"width\":524,\"height\":122,\"caption\":\"Econocuanty\"},\"image\":{\"@id\":\"https:\/\/econoquanty.com\/#\/schema\/logo\/image\/\"}}]}<\/script>\n<!-- \/ Yoast SEO plugin. -->","yoast_head_json":{"title":"Investigaciones Econ\u00f3micas - Econocuanty","robots":{"index":"index","follow":"follow","max-snippet":"max-snippet:-1","max-image-preview":"max-image-preview:large","max-video-preview":"max-video-preview:-1"},"canonical":"https:\/\/econoquanty.com\/en\/investigaciones-economicas\/","og_locale":"en_US","og_type":"article","og_title":"Investigaciones Econ\u00f3micas - Econocuanty","og_description":"Servicios Investigaciones econ\u00f3micas NOPOOR: Proyecto financiado por la Comisi\u00f3n Europea con fondos FP7, este proyecto investig\u00f3 las mejores pr\u00e1cticas de combatir la pobreza y desigualdad en el mundo.","og_url":"https:\/\/econoquanty.com\/en\/investigaciones-economicas\/","og_site_name":"Econocuanty","article_modified_time":"2022-11-21T20:33:27+00:00","og_image":[{"url":"https:\/\/econoquanty.com\/wp-content\/uploads\/2022\/11\/eneral-portada.jpg","type":"","width":"","height":""}],"twitter_card":"summary_large_image","twitter_misc":{"Est. reading time":"1 minute"},"schema":{"@context":"https:\/\/schema.org","@graph":[{"@type":"WebPage","@id":"https:\/\/econoquanty.com\/investigaciones-economicas\/","url":"https:\/\/econoquanty.com\/investigaciones-economicas\/","name":"Investigaciones Econ\u00f3micas - Econocuanty","isPartOf":{"@id":"https:\/\/econoquanty.com\/#website"},"primaryImageOfPage":{"@id":"https:\/\/econoquanty.com\/investigaciones-economicas\/#primaryimage"},"image":{"@id":"https:\/\/econoquanty.com\/investigaciones-economicas\/#primaryimage"},"thumbnailUrl":"https:\/\/econoquanty.com\/wp-content\/uploads\/2022\/11\/eneral-portada.jpg","datePublished":"2022-11-10T02:37:06+00:00","dateModified":"2022-11-21T20:33:27+00:00","breadcrumb":{"@id":"https:\/\/econoquanty.com\/investigaciones-economicas\/#breadcrumb"},"inLanguage":"en-US","potentialAction":[{"@type":"ReadAction","target":["https:\/\/econoquanty.com\/investigaciones-economicas\/"]}]},{"@type":"ImageObject","inLanguage":"en-US","@id":"https:\/\/econoquanty.com\/investigaciones-economicas\/#primaryimage","url":"https:\/\/econoquanty.com\/wp-content\/uploads\/2022\/11\/eneral-portada.jpg","contentUrl":"https:\/\/econoquanty.com\/wp-content\/uploads\/2022\/11\/eneral-portada.jpg"},{"@type":"BreadcrumbList","@id":"https:\/\/econoquanty.com\/investigaciones-economicas\/#breadcrumb","itemListElement":[{"@type":"ListItem","position":1,"name":"Portada","item":"https:\/\/econoquanty.com\/"},{"@type":"ListItem","position":2,"name":"Investigaciones Econ\u00f3micas"}]},{"@type":"WebSite","@id":"https:\/\/econoquanty.com\/#website","url":"https:\/\/econoquanty.com\/","name":"Econocuanty","description":"Otro sitio realizado con WordPress","publisher":{"@id":"https:\/\/econoquanty.com\/#organization"},"potentialAction":[{"@type":"SearchAction","target":{"@type":"EntryPoint","urlTemplate":"https:\/\/econoquanty.com\/?s={search_term_string}"},"query-input":{"@type":"PropertyValueSpecification","valueRequired":true,"valueName":"search_term_string"}}],"inLanguage":"en-US"},{"@type":"Organization","@id":"https:\/\/econoquanty.com\/#organization","name":"Econocuanty","url":"https:\/\/econoquanty.com\/","logo":{"@type":"ImageObject","inLanguage":"en-US","@id":"https:\/\/econoquanty.com\/#\/schema\/logo\/image\/","url":"https:\/\/econoquanty.com\/wp-content\/uploads\/2022\/11\/econoquanty-preferencial.png","contentUrl":"https:\/\/econoquanty.com\/wp-content\/uploads\/2022\/11\/econoquanty-preferencial.png","width":524,"height":122,"caption":"Econocuanty"},"image":{"@id":"https:\/\/econoquanty.com\/#\/schema\/logo\/image\/"}}]}},"_links":{"self":[{"href":"https:\/\/econoquanty.com\/en\/wp-json\/wp\/v2\/pages\/730","targetHints":{"allow":["GET"]}}],"collection":[{"href":"https:\/\/econoquanty.com\/en\/wp-json\/wp\/v2\/pages"}],"about":[{"href":"https:\/\/econoquanty.com\/en\/wp-json\/wp\/v2\/types\/page"}],"author":[{"embeddable":true,"href":"https:\/\/econoquanty.com\/en\/wp-json\/wp\/v2\/users\/1"}],"replies":[{"embeddable":true,"href":"https:\/\/econoquanty.com\/en\/wp-json\/wp\/v2\/comments?post=730"}],"version-history":[{"count":13,"href":"https:\/\/econoquanty.com\/en\/wp-json\/wp\/v2\/pages\/730\/revisions"}],"predecessor-version":[{"id":1437,"href":"https:\/\/econoquanty.com\/en\/wp-json\/wp\/v2\/pages\/730\/revisions\/1437"}],"wp:attachment":[{"href":"https:\/\/econoquanty.com\/en\/wp-json\/wp\/v2\/media?parent=730"}],"curies":[{"name":"wp","href":"https:\/\/api.w.org\/{rel}","templated":true}]}}